{"id":825,"date":"2015-01-28T14:39:33","date_gmt":"2015-01-28T14:39:33","guid":{"rendered":"http:\/\/www.hyalstyle.cc\/?page_id=825"},"modified":"2023-02-12T12:03:28","modified_gmt":"2023-02-12T11:03:28","slug":"impressum-datenschutz","status":"publish","type":"page","link":"https:\/\/wo-med.com\/en\/impressum-datenschutz\/","title":{"rendered":"Imprint &#038; Privacy"},"content":{"rendered":"<p>W&amp;O medical esthetics GmbH<br \/>\nN\u00f6rdliche M\u00fcnchner Strasse 27A<br \/>\nD 82031 Gr\u00fcnwald<\/p>\n<p>Chief Executive Officers: Dr. med. Najib Chichakli, Lais Mrad-Agua<br \/>\nSales tax ID number: DE229108045<br \/>\nDistrict Court Bad Homburg HRB 11757<\/p>\n<p><strong>Contact Germany<\/strong><br \/>\nW&amp;O medical esthetics GmbH<br \/>\nRathausplatz 9<br \/>\n61440 Oberursel<br \/>\nGERMANY<\/p>\n<p>Phone\u00a0\u00a0 +49 (0) 89 9090153920<br \/>\nEmail:\u00a0\u00a0\u00a0 contact@wo-med.com<\/p>\n<p><strong>Disclaimer<br \/>\n<\/strong>We make every effort to keep the information on our Web site updated, but accept no liability whatsoever for the content provided. Pursuant to \u00a77 par. 1 of TMG (German Telemedia Act), the law limits our responsibility as a service provider to our own content on these Web pages.<\/p>\n<p>According to \u00a7\u00a78 to 10 of TMG, we are not obligated to monitor third-party information provided or stored on our Web site. However, we shall promptly remove any content upon becoming aware that it violates the law. Our liability in such an instance shall commence at the time we become aware of the respective violation.<\/p>\n<p><strong>Liability for links<\/strong><br \/>\nOur site contains links to third-party Web sites. We have no influence whatsoever on the information on these Web sites and accept no guarantee for its correctness. The content of such third-party sites is the responsibility of the respective owners\/providers.<\/p>\n<p>At the time third-party Web sites were linked to ours, we found NO GROUNDS WHATSOEVER of any likely contravention of the law. We shall promptly delete a link upon becoming aware that it violates the law.<\/p>\n<p><strong>Copyrights<\/strong><br \/>\nThe content and works provided on these Web pages are governed by the copyright laws of Germany. Duplication, processing, distribution, or any form of commercialization of such material beyond the scope of the copyright law shall require the prior written consent of its respective author or creator.<\/p>\n<p><strong>Data protection<\/strong><br \/>\nPlease be aware that there are inherent security risks in transmitting data, such as emails, via the Internet, as it is impossible to safeguard completely against unauthorized access by third parties. Nevertheless, we shall safeguard your data, subject to this limitation. In particular, personal information will be transmitted via the Internet only if it does not infringe upon third-party rights, unless the respective party has given its prior consent in view of such security risks. Accordingly, as the Web site provider, we shall not be held liable for any damages incurred as a consequence of such security risks or for any related acts of omission on our part.<\/p>\n<p>We oppose the use of any available contact information by a third party for sending unsolicited advertisements. As the Web site provider, we reserve the express right to take legal action against unsolicited mailing or emailing of spam and other similar advertising materials.<\/p>\n<p>Source: S&amp;K Rechtsanw\u00e4lte<\/p>\n","protected":false},"excerpt":{"rendered":"<p>W&amp;O medical esthetics GmbH N\u00f6rdliche M\u00fcnchner Strasse 27A D 82031 Gr\u00fcnwald Chief Executive Officers: Dr. med. Najib Chichakli, Lais Mrad-Agua Sales tax ID number: DE229108045 District Court Bad Homburg HRB 11757 Contact Germany W&amp;O medical esthetics GmbH Rathausplatz 9 61440 Oberursel GERMANY Phone\u00a0\u00a0 +49 (0) 89 9090153920 Email:\u00a0\u00a0\u00a0 contact@wo-med.com Disclaimer We make every effort to &hellip; <a href=\"https:\/\/wo-med.com\/en\/impressum-datenschutz\/\" class=\"more-link\">Continue reading <span class=\"screen-reader-text\">Imprint &#038; Privacy<\/span> <span class=\"meta-nav\">&rarr;<\/span><\/a><\/p>\n","protected":false},"author":1,"featured_media":0,"parent":0,"menu_order":2,"comment_status":"closed","ping_status":"closed","template":"","meta":{"_acf_changed":false,"footnotes":""},"class_list":["post-825","page","type-page","status-publish","hentry"],"acf":[],"yoast_head":"<!-- This site is optimized with the Yoast SEO plugin v24.6 - https:\/\/yoast.com\/wordpress\/plugins\/seo\/ -->\n<title>Imprint &amp; Privacy - W&amp;O medical esthetics GmbH<\/title>\n<meta name=\"robots\" content=\"index, follow, max-snippet:-1, max-image-preview:large, max-video-preview:-1\" \/>\n<link rel=\"canonical\" href=\"https:\/\/wo-med.com\/en\/impressum-datenschutz\/\" \/>\n<meta property=\"og:locale\" content=\"en_US\" \/>\n<meta property=\"og:type\" content=\"article\" \/>\n<meta property=\"og:title\" content=\"Imprint &amp; Privacy - W&amp;O medical esthetics GmbH\" \/>\n<meta property=\"og:description\" content=\"W&amp;O medical esthetics GmbH N\u00f6rdliche M\u00fcnchner Strasse 27A D 82031 Gr\u00fcnwald Chief Executive Officers: Dr. med. Najib Chichakli, Lais Mrad-Agua Sales tax ID number: DE229108045 District Court Bad Homburg HRB 11757 Contact Germany W&amp;O medical esthetics GmbH Rathausplatz 9 61440 Oberursel GERMANY Phone\u00a0\u00a0 +49 (0) 89 9090153920 Email:\u00a0\u00a0\u00a0 contact@wo-med.com Disclaimer We make every effort to &hellip; Continue reading Imprint &#038; Privacy &rarr;\" \/>\n<meta property=\"og:url\" content=\"https:\/\/wo-med.com\/en\/impressum-datenschutz\/\" \/>\n<meta property=\"og:site_name\" content=\"W&amp;O medical esthetics GmbH\" \/>\n<meta property=\"article:modified_time\" content=\"2023-02-12T11:03:28+00:00\" \/>\n<meta name=\"twitter:card\" content=\"summary_large_image\" \/>\n<meta name=\"twitter:label1\" content=\"Est. reading time\" \/>\n\t<meta name=\"twitter:data1\" content=\"2 minutes\" \/>\n<script type=\"application\/ld+json\" class=\"yoast-schema-graph\">{\"@context\":\"https:\/\/schema.org\",\"@graph\":[{\"@type\":\"WebPage\",\"@id\":\"https:\/\/wo-med.com\/en\/impressum-datenschutz\/\",\"url\":\"https:\/\/wo-med.com\/en\/impressum-datenschutz\/\",\"name\":\"Imprint & Privacy - W&amp;O medical esthetics GmbH\",\"isPartOf\":{\"@id\":\"https:\/\/wo-med.com\/#website\"},\"datePublished\":\"2015-01-28T14:39:33+00:00\",\"dateModified\":\"2023-02-12T11:03:28+00:00\",\"breadcrumb\":{\"@id\":\"https:\/\/wo-med.com\/en\/impressum-datenschutz\/#breadcrumb\"},\"inLanguage\":\"en-US\",\"potentialAction\":[{\"@type\":\"ReadAction\",\"target\":[\"https:\/\/wo-med.com\/en\/impressum-datenschutz\/\"]}]},{\"@type\":\"BreadcrumbList\",\"@id\":\"https:\/\/wo-med.com\/en\/impressum-datenschutz\/#breadcrumb\",\"itemListElement\":[{\"@type\":\"ListItem\",\"position\":1,\"name\":\"Startseite\",\"item\":\"https:\/\/wo-med.com\/en\/\"},{\"@type\":\"ListItem\",\"position\":2,\"name\":\"Imprint &#038; Privacy\"}]},{\"@type\":\"WebSite\",\"@id\":\"https:\/\/wo-med.com\/#website\",\"url\":\"https:\/\/wo-med.com\/\",\"name\":\"W&amp;O medical esthetics GmbH\",\"description\":\"\",\"potentialAction\":[{\"@type\":\"SearchAction\",\"target\":{\"@type\":\"EntryPoint\",\"urlTemplate\":\"https:\/\/wo-med.com\/?s={search_term_string}\"},\"query-input\":{\"@type\":\"PropertyValueSpecification\",\"valueRequired\":true,\"valueName\":\"search_term_string\"}}],\"inLanguage\":\"en-US\"}]}<\/script>\n<!-- \/ Yoast SEO plugin. -->","yoast_head_json":{"title":"Imprint & Privacy - W&amp;O medical esthetics GmbH","robots":{"index":"index","follow":"follow","max-snippet":"max-snippet:-1","max-image-preview":"max-image-preview:large","max-video-preview":"max-video-preview:-1"},"canonical":"https:\/\/wo-med.com\/en\/impressum-datenschutz\/","og_locale":"en_US","og_type":"article","og_title":"Imprint & Privacy - W&amp;O medical esthetics GmbH","og_description":"W&amp;O medical esthetics GmbH N\u00f6rdliche M\u00fcnchner Strasse 27A D 82031 Gr\u00fcnwald Chief Executive Officers: Dr. med. Najib Chichakli, Lais Mrad-Agua Sales tax ID number: DE229108045 District Court Bad Homburg HRB 11757 Contact Germany W&amp;O medical esthetics GmbH Rathausplatz 9 61440 Oberursel GERMANY Phone\u00a0\u00a0 +49 (0) 89 9090153920 Email:\u00a0\u00a0\u00a0 contact@wo-med.com Disclaimer We make every effort to &hellip; Continue reading Imprint &#038; Privacy &rarr;","og_url":"https:\/\/wo-med.com\/en\/impressum-datenschutz\/","og_site_name":"W&amp;O medical esthetics GmbH","article_modified_time":"2023-02-12T11:03:28+00:00","twitter_card":"summary_large_image","twitter_misc":{"Est. reading time":"2 minutes"},"schema":{"@context":"https:\/\/schema.org","@graph":[{"@type":"WebPage","@id":"https:\/\/wo-med.com\/en\/impressum-datenschutz\/","url":"https:\/\/wo-med.com\/en\/impressum-datenschutz\/","name":"Imprint & Privacy - W&amp;O medical esthetics GmbH","isPartOf":{"@id":"https:\/\/wo-med.com\/#website"},"datePublished":"2015-01-28T14:39:33+00:00","dateModified":"2023-02-12T11:03:28+00:00","breadcrumb":{"@id":"https:\/\/wo-med.com\/en\/impressum-datenschutz\/#breadcrumb"},"inLanguage":"en-US","potentialAction":[{"@type":"ReadAction","target":["https:\/\/wo-med.com\/en\/impressum-datenschutz\/"]}]},{"@type":"BreadcrumbList","@id":"https:\/\/wo-med.com\/en\/impressum-datenschutz\/#breadcrumb","itemListElement":[{"@type":"ListItem","position":1,"name":"Startseite","item":"https:\/\/wo-med.com\/en\/"},{"@type":"ListItem","position":2,"name":"Imprint &#038; Privacy"}]},{"@type":"WebSite","@id":"https:\/\/wo-med.com\/#website","url":"https:\/\/wo-med.com\/","name":"W&amp;O medical esthetics GmbH","description":"","potentialAction":[{"@type":"SearchAction","target":{"@type":"EntryPoint","urlTemplate":"https:\/\/wo-med.com\/?s={search_term_string}"},"query-input":{"@type":"PropertyValueSpecification","valueRequired":true,"valueName":"search_term_string"}}],"inLanguage":"en-US"}]}},"_links":{"self":[{"href":"https:\/\/wo-med.com\/en\/wp-json\/wp\/v2\/pages\/825","targetHints":{"allow":["GET"]}}],"collection":[{"href":"https:\/\/wo-med.com\/en\/wp-json\/wp\/v2\/pages"}],"about":[{"href":"https:\/\/wo-med.com\/en\/wp-json\/wp\/v2\/types\/page"}],"author":[{"embeddable":true,"href":"https:\/\/wo-med.com\/en\/wp-json\/wp\/v2\/users\/1"}],"replies":[{"embeddable":true,"href":"https:\/\/wo-med.com\/en\/wp-json\/wp\/v2\/comments?post=825"}],"version-history":[{"count":0,"href":"https:\/\/wo-med.com\/en\/wp-json\/wp\/v2\/pages\/825\/revisions"}],"wp:attachment":[{"href":"https:\/\/wo-med.com\/en\/wp-json\/wp\/v2\/media?parent=825"}],"curies":[{"name":"wp","href":"https:\/\/api.w.org\/{rel}","templated":true}]}}